{"id":34,"date":"2021-05-04T13:11:03","date_gmt":"2021-05-04T13:11:03","guid":{"rendered":"https:\/\/artunio.com\/messages\/"},"modified":"2023-10-25T18:02:16","modified_gmt":"2023-10-25T18:02:16","slug":"messages","status":"publish","type":"page","link":"https:\/\/artunio.com\/sk\/messages\/","title":{"rendered":"Messages"},"content":{"rendered":"<div class=\"peepso\">\n        \n<!-- PeepSo Login Panel -->\n<div class=\"ps-landing\">\n  \n  <div class=\"ps-lading__inner\">\n        <div class=\"ps-landing__cover\" style=\"background-image:url('https:\/\/artunio.com\/wp-content\/uploads\/2026\/04\/ABOUT.webp')\">\n      <div class=\"ps-landing__cover-inner\">\n        <div class=\"ps-landing__content\">\n          <div class=\"ps-landing__title\">\n                          ARTUNIO                      <\/div>\n          <div class=\"ps-landing__text\">\n                          Zaregistrujte sa a zap\u00e1jajte sa do projektov E\u00da.                      <\/div>\n        <\/div>\n\n                            <div class=\"ps-landing__actions\">\n            <a class=\"ps-btn ps-btn--sm ps-btn--cp ps-btn--join\" href=\"https:\/\/artunio.com\/sk\/register\/\">\n              Registr\u00e1cia            <\/a>\n          <\/div>\n                        <\/div>\n    <\/div>\n    \n      <div class=\"ps-landing__form psf-login psf-login--inline\">\n    <form class=\"ps-form ps-form--login ps-js-form-login\" action=\"\" onsubmit=\"return false;\" method=\"post\" name=\"login\" id=\"ps-form-login-main\" data-trp-original-action=\"\">\n      <div class=\"ps-form__row\">\n        <!-- Login -->\n        <div class=\"ps-form__field ps-form__field--icon ps-js-username-field\">\n          <div class=\"ps-input__wrapper--icon\">\n              <input class=\"ps-input ps-input--sm ps-input--icon\" type=\"text\" name=\"username\" placeholder=\"Email\" mouseev=\"true\"\n                autocomplete=\"off\" keyev=\"true\" clickev=\"true\" \/>\n                            <i class=\"gcis gci-user\"><\/i>\n                        <\/div>\n                  <\/div>\n\n        <!-- Password -->\n        <div class=\"ps-form__field ps-form__field--icon ps-js-password-field\">\n          <input class=\"ps-input ps-input--sm ps-input--icon ps-js-password-preview\"\n              type=\"password\" name=\"password\" placeholder=\"Heslo\" mouseev=\"true\"\n              autocomplete=\"off\" keyev=\"true\" clickev=\"true\" \/>\n          <i class=\"gcis gci-key\"><\/i>\n        <\/div>\n\n                \n        <!-- Submit form -->\n        <div class=\"ps-form__field ps-form__field--submit ps-js-password-field\">\n                    <button type=\"submit\"\n              class=\"ps-btn ps-btn--sm ps-btn--action ps-btn--login ps-btn--loading ps-js-recaptcha\"\n              disabled=\"disabled\">\n            <span>Prihl\u00e1ste sa<\/span>\n            <img decoding=\"async\" src=\"https:\/\/artunio.com\/wp-content\/plugins\/peepso\/assets\/images\/ajax-loader.gif\">\n          <\/button>\n        <\/div>\n      <\/div>\n\n      <!-- Remember password -->\n      <div class=\"ps-checkbox ps-checkbox--login\">\n        <input class=\"ps-checkbox__input\" type=\"checkbox\" alt=\"Zapam\u00e4ta\u0165 si ma\" value=\"yes\" name=\"remember\" id=\"ps-form-login-main-remember\"  checked>\n        <label class=\"ps-checkbox__label\" for=\"ps-form-login-main-remember\">Zapam\u00e4ta\u0165 si ma<\/label>\n      <\/div>\n\n      <div class=\"psf-login__links\">\n        \n                <a class=\"psf-login__link psf-login__link--register\" href=\"https:\/\/artunio.com\/sk\/register\/\">Registrujte sa<\/a>\n        \n        <a class=\"psf-login__link psf-login__link--recover\" href=\"https:\/\/artunio.com\/sk\/password-recover\/\">Zabudnut\u00e9 heslo<\/a>\n\n                <a class=\"psf-login__link psf-login__link--activation ps-js-register-activation\" href=\"https:\/\/artunio.com\/sk\/register\/?resend\">Resend activation code<\/a>\n              <\/div>\n\n      <div class=\"ps-alert errlogin calert clear alert-error\" style=\"display:none\"><\/div>\n      <input type=\"hidden\" name=\"option\" value=\"ps_users\" \/>\n      <input type=\"hidden\" name=\"task\" value=\"-user-login\" \/>\n      <input type=\"hidden\" name=\"redirect_to\" value=\"\" \/>\n      <input type=\"hidden\" name=\"security\" value=\"a50a14340d\" \/><input type=\"hidden\" name=\"_wp_http_referer\" value=\"\/sk\/wp-json\/wp\/v2\/pages\/34\" \/>\n          <input type=\"hidden\" name=\"trp-form-language\" value=\"sk\"\/><\/form>\n      <\/div>\n\n  <script>\n      (function() {\n          function initLoginForm( $ ) {\n              peepso.login.initForm( $('.ps-js-form-login') );\n\n              $(function() {\n\n                  var $nav = $('.wp-social-login-widget');\n                  var $wrap = $('.ps-js--wsl');\n                  var $btn = $('.ps-js--wsl .ps-btn');\n                  var $vlinks = $('.ps-js--wsl .wp-social-login-provider-list');\n                  var $hlinks = $('.ps-js--wsl .hidden-links');\n                  var $hdrop = $('.ps-js--wsl .ps-widget--wsl-dropdown');\n\n                  var numOfItems = 0;\n                  var totalSpace = 0;\n                  var breakWidths = [];\n\n                  \/\/ Get initial state\n                  $vlinks.children().outerWidth(function(i, w) {\n                      totalSpace += w;\n                      numOfItems += 1;\n                      breakWidths.push(totalSpace);\n                  });\n\n                  var availableSpace, numOfVisibleItems, requiredSpace;\n\n                  function check() {\n                      \/\/ Get instant state\n                      availableSpace = $vlinks.width() - 40;\n                      numOfVisibleItems = $vlinks.children().length;\n                      requiredSpace = breakWidths[numOfVisibleItems - 1];\n\n                      \/\/ There is not enought space\n                      if (requiredSpace > availableSpace) {\n                          $vlinks.children().last().prependTo($hlinks);\n                          numOfVisibleItems -= 1;\n                          check();\n                          \/\/ There is more than enough space\n                      } else if (availableSpace > breakWidths[numOfVisibleItems]) {\n                          $hlinks.children().first().appendTo($vlinks);\n                          numOfVisibleItems += 1;\n                      }\n\n                      \/\/ Update the button accordingly\n                      $btn.attr(\"count\", numOfItems - numOfVisibleItems);\n                      if (numOfVisibleItems === numOfItems) {\n                          $btn.addClass('hidden');\n                          $wrap.removeClass('has-more');\n                      } else $btn.removeClass('hidden'), $wrap.addClass('has-more');\n                  }\n\n                  \/\/ Window listeners\n                  $(window).resize(function() {\n                      check();\n                  });\n\n                  $btn.on('click', function() {\n                      $hlinks.toggleClass('hidden');\n                      $hdrop.toggleClass('hidden');\n                  });\n\n                  check();\n\n              });\n          }\n\n          \/\/ naively check if jQuery exist to prevent error\n          var timer = setInterval(function() {\n              if ( window.jQuery && window.peepso ) {\n                  clearInterval( timer );\n                  initLoginForm( window.jQuery );\n              }\n          }, 1000 );\n\n      })();\n  <\/script>\n  <\/div>\n<\/div>\n<!-- end: PeepSo Login Panel -->\n\n    <section id=\"mainbody\" class=\"ps-page-unstyled\">\n        <section id=\"component\" role=\"article\" class=\"ps-clearfix\">\n\n            <h4 class=\"ps-text--title ps-text--danger\">Tento obsah moment\u00e1lne nie je k dispoz\u00edcii.<\/h4>\n            <p>\n                Mo\u017en\u00e9 pr\u00ed\u010diny, pre\u010do sa obsah str\u00e1nky nezobrazuje:            <\/p>\n            <ul class=\"ps-list-classic\">\n                <li>Bol odstr\u00e1nen\u00fd.<\/li>\n                <li>Pravdepodobne nem\u00e1te potrebn\u00e9 povolenia na jeho zobrazenie.<\/li>\n                <li>Ak ste odhl\u00e1sen\u00fd. Ak chcete pokra\u010dova\u0165, prihl\u00e1ste sa.<\/li>\n            <\/ul>\n        <\/section>\n    <\/section>\n<\/div>","protected":false},"excerpt":{"rendered":"","protected":false},"author":1,"featured_media":0,"parent":0,"menu_order":0,"comment_status":"closed","ping_status":"closed","template":"elementor_theme","meta":{"pmpro_default_level":"","footnotes":""},"class_list":["post-34","page","type-page","status-publish","hentry","pmpro-has-access"],"_links":{"self":[{"href":"https:\/\/artunio.com\/sk\/wp-json\/wp\/v2\/pages\/34","targetHints":{"allow":["GET"]}}],"collection":[{"href":"https:\/\/artunio.com\/sk\/wp-json\/wp\/v2\/pages"}],"about":[{"href":"https:\/\/artunio.com\/sk\/wp-json\/wp\/v2\/types\/page"}],"author":[{"embeddable":true,"href":"https:\/\/artunio.com\/sk\/wp-json\/wp\/v2\/users\/1"}],"replies":[{"embeddable":true,"href":"https:\/\/artunio.com\/sk\/wp-json\/wp\/v2\/comments?post=34"}],"version-history":[{"count":1,"href":"https:\/\/artunio.com\/sk\/wp-json\/wp\/v2\/pages\/34\/revisions"}],"predecessor-version":[{"id":586,"href":"https:\/\/artunio.com\/sk\/wp-json\/wp\/v2\/pages\/34\/revisions\/586"}],"wp:attachment":[{"href":"https:\/\/artunio.com\/sk\/wp-json\/wp\/v2\/media?parent=34"}],"curies":[{"name":"wp","href":"https:\/\/api.w.org\/{rel}","templated":true}]}}