{"id":26122,"date":"2024-05-23T10:32:58","date_gmt":"2024-05-23T10:32:58","guid":{"rendered":"https:\/\/artunio.com\/?page_id=26122"},"modified":"2025-10-12T17:58:08","modified_gmt":"2025-10-12T17:58:08","slug":"blogs","status":"publish","type":"page","link":"https:\/\/artunio.com\/sk\/blogs\/","title":{"rendered":"Blogs"},"content":{"rendered":"<div data-elementor-type=\"wp-page\" data-elementor-id=\"26122\" class=\"elementor elementor-26122\" data-elementor-post-type=\"page\">\n\t\t\t\t\t\t<section class=\"elementor-section elementor-top-section elementor-element elementor-element-39320b8 elementor-section-boxed elementor-section-height-default elementor-section-height-default\" data-id=\"39320b8\" data-element_type=\"section\" data-settings=\"{&quot;_ob_glider_is_slider&quot;:&quot;no&quot;}\">\n\t\t\t\t\t\t<div class=\"elementor-container elementor-column-gap-default\">\n\t\t\t\t\t<div class=\"elementor-column elementor-col-100 elementor-top-column elementor-element elementor-element-ecb2511\" data-id=\"ecb2511\" data-element_type=\"column\" data-settings=\"{&quot;_ob_bbad_is_stalker&quot;:&quot;no&quot;,&quot;_ob_teleporter_use&quot;:false,&quot;_ob_column_hoveranimator&quot;:&quot;no&quot;,&quot;_ob_column_has_pseudo&quot;:&quot;no&quot;}\">\n\t\t\t<div class=\"elementor-widget-wrap elementor-element-populated\">\n\t\t\t\t\t\t<div class=\"elementor-element elementor-element-c95278e elementor-search-form--skin-classic elementor-search-form--button-type-icon elementor-search-form--icon-search ob-has-background-overlay elementor-widget elementor-widget-search-form\" data-id=\"c95278e\" data-element_type=\"widget\" data-settings=\"{&quot;_ob_searchcop_srch_options&quot;:&quot;post&quot;,&quot;skin&quot;:&quot;classic&quot;,&quot;_ob_searchcop_use_it&quot;:&quot;yes&quot;,&quot;_ob_perspektive_use&quot;:&quot;no&quot;,&quot;_ob_poopart_use&quot;:&quot;yes&quot;,&quot;_ob_shadough_use&quot;:&quot;no&quot;,&quot;_ob_allow_hoveranimator&quot;:&quot;no&quot;,&quot;_ob_widget_stalker_use&quot;:&quot;no&quot;}\" data-widget_type=\"search-form.default\">\n\t\t\t\t<div class=\"elementor-widget-container\">\n\t\t\t\t\t\t\t<search role=\"search\">\n\t\t\t<form class=\"elementor-search-form\" action=\"https:\/\/artunio.com\/sk\/\" method=\"get\" data-trp-original-action=\"https:\/\/artunio.com\/sk\">\n\t\t\t\t\t\t\t\t\t\t\t\t<div class=\"elementor-search-form__container\">\n\t\t\t\t\t<label class=\"elementor-screen-only\" for=\"elementor-search-form-c95278e\">Vyh\u013eada\u0165<\/label>\n\n\t\t\t\t\t\n\t\t\t\t\t<input id=\"elementor-search-form-c95278e\" placeholder=\"Search ...\" class=\"elementor-search-form__input\" type=\"search\" name=\"s\" value=\"\">\n\t\t\t\t\t\n\t\t\t\t\t\t\t\t\t\t\t<button class=\"elementor-search-form__submit\" type=\"submit\" aria-label=\"Vyh\u013eada\u0165\">\n\t\t\t\t\t\t\t\t\t\t\t\t\t\t\t<i aria-hidden=\"true\" class=\"fas fa-search\"><\/i>\t\t\t\t\t\t\t\t\t\t\t\t\t<\/button>\n\t\t\t\t\t\n\t\t\t\t\t\t\t\t\t<\/div>\n\t\t\t<input type=\"hidden\" name=\"trp-form-language\" value=\"sk\"\/><\/form>\n\t\t<\/search>\n\t\t\t\t\t\t<\/div>\n\t\t\t\t<\/div>\n\t\t\t\t<div class=\"elementor-element elementor-element-889100e elementor-grid-2 elementor-grid-tablet-2 elementor-grid-mobile-1 elementor-posts--thumbnail-top ob-has-background-overlay elementor-widget elementor-widget-posts\" data-id=\"889100e\" data-element_type=\"widget\" data-settings=\"{&quot;classic_columns&quot;:&quot;2&quot;,&quot;_ob_paginini_popover_page_numbers&quot;:&quot;yes&quot;,&quot;_ob_paginini_popover_current_page&quot;:&quot;yes&quot;,&quot;pagination_type&quot;:&quot;prev_next&quot;,&quot;classic_columns_tablet&quot;:&quot;2&quot;,&quot;classic_columns_mobile&quot;:&quot;1&quot;,&quot;classic_row_gap&quot;:{&quot;unit&quot;:&quot;px&quot;,&quot;size&quot;:35,&quot;sizes&quot;:[]},&quot;classic_row_gap_tablet&quot;:{&quot;unit&quot;:&quot;px&quot;,&quot;size&quot;:&quot;&quot;,&quot;sizes&quot;:[]},&quot;classic_row_gap_mobile&quot;:{&quot;unit&quot;:&quot;px&quot;,&quot;size&quot;:&quot;&quot;,&quot;sizes&quot;:[]},&quot;_ob_perspektive_use&quot;:&quot;no&quot;,&quot;_ob_poopart_use&quot;:&quot;yes&quot;,&quot;_ob_shadough_use&quot;:&quot;no&quot;,&quot;_ob_allow_hoveranimator&quot;:&quot;no&quot;,&quot;_ob_widget_stalker_use&quot;:&quot;no&quot;}\" data-widget_type=\"posts.classic\">\n\t\t\t\t<div class=\"elementor-widget-container\">\n\t\t\t\t\t\t\t<div class=\"elementor-posts-container elementor-posts elementor-posts--skin-classic elementor-grid\">\n\t\t\t\t<article class=\"elementor-post elementor-grid-item post-32172 post type-post status-publish format-standard has-post-thumbnail hentry category-uncategorized-en pmpro-has-access rsfv-has-video\">\n\t\t\t\t<a class=\"elementor-post__thumbnail__link\" href=\"https:\/\/artunio.com\/sk\/32172\/\" tabindex=\"-1\" >\n\t\t\t<div class=\"elementor-post__thumbnail\"><div class=\"rsfv-shortcode-wrapper\" data-rsfv-video=\"true\" data-rsfv-source=\"embed\" data-rsfv-type=\"youtube\" style=\"clear:both\"><div class=\"rsfv-video-wrapper\"><div class=\"rsfv-iframe-wrapper\" data-aspect-ratio=\"16:9\"><iframe class=\"rsfv-video\" width=\"100%\" height=\"540\" src=\"https:\/\/www.youtube.com\/embed\/liwvxeRyz_U?autoplay=0&#038;controls=1\" frameborder=\"0\" allowfullscreen><\/iframe><\/div><\/div><\/div><\/div>\n\t\t<\/a>\n\t\t\t\t<div class=\"elementor-post__text\">\n\t\t\t\t<h3 class=\"elementor-post__title\">\n\t\t\t<a href=\"https:\/\/artunio.com\/sk\/32172\/\" >\n\t\t\t\tCUBAN HEARTBEAT ORCHESTRA: Drume Negrita\t\t\t<\/a>\n\t\t<\/h3>\n\t\t\t\t<div class=\"elementor-post__excerpt\">\n\t\t\t<p>The Cuban Heartbeat Orchestra is all about the essence of Latin Jazz: driving Afro-Cuban polyrhythms blend with colourful jazzy harmonies and inspired improvisations into an exciting musical experience&#8230;\u00a0Olvido Ruiz (voc)Regis Molina (sax)Daniel Stawinski (p)Sergio &#8220;Checho&#8221;<\/p>\n\t\t<\/div>\n\t\t\n\t\t<a class=\"elementor-post__read-more\" href=\"https:\/\/artunio.com\/sk\/32172\/\" aria-label=\"Read more about CUBAN HEARTBEAT ORCHESTRA: Drume Negrita\" tabindex=\"-1\" >\n\t\t\tFind out more \u00bb\t\t<\/a>\n\n\t\t\t\t<\/div>\n\t\t\t\t<\/article>\n\t\t\t\t<article class=\"elementor-post elementor-grid-item post-31429 post type-post status-publish format-standard has-post-thumbnail hentry category-uncategorized-en pmpro-has-access rsfv-has-video\">\n\t\t\t\t<a class=\"elementor-post__thumbnail__link\" href=\"https:\/\/artunio.com\/sk\/31429\/\" tabindex=\"-1\" >\n\t\t\t<div class=\"elementor-post__thumbnail\"><div class=\"rsfv-shortcode-wrapper\" data-rsfv-video=\"true\" data-rsfv-source=\"embed\" data-rsfv-type=\"youtube\" style=\"clear:both\"><div class=\"rsfv-video-wrapper\"><div class=\"rsfv-iframe-wrapper\" data-aspect-ratio=\"16:9\"><iframe class=\"rsfv-video\" width=\"100%\" height=\"540\" src=\"https:\/\/www.youtube.com\/embed\/ECFadYKD424?autoplay=0&#038;controls=1\" frameborder=\"0\" allowfullscreen><\/iframe><\/div><\/div><\/div><\/div>\n\t\t<\/a>\n\t\t\t\t<div class=\"elementor-post__text\">\n\t\t\t\t<h3 class=\"elementor-post__title\">\n\t\t\t<a href=\"https:\/\/artunio.com\/sk\/31429\/\" >\n\t\t\t\tDavid Helbock &#038; Julia Hofer Duo &#8211; OneTake Music Video filmed at Reaktor Vienna\t\t\t<\/a>\n\t\t<\/h3>\n\t\t\t\t<div class=\"elementor-post__excerpt\">\n\t\t\t<p>Julia Hofer &#8211; Cello, E-BassDavid Helbock &#8211; PianoVideo &#8211; Severin KollerAudio &#8211; Werner Angerer\u00a0Thanks to Gustav Ignaz Stingl Klavier for the Fazioli Piano\u00a0Album Release on ACT Music in Fall 2025 with special guests Lorenz Raab<\/p>\n\t\t<\/div>\n\t\t\n\t\t<a class=\"elementor-post__read-more\" href=\"https:\/\/artunio.com\/sk\/31429\/\" aria-label=\"Read more about David Helbock &#038; Julia Hofer Duo &#8211; OneTake Music Video filmed at Reaktor Vienna\" tabindex=\"-1\" >\n\t\t\tFind out more \u00bb\t\t<\/a>\n\n\t\t\t\t<\/div>\n\t\t\t\t<\/article>\n\t\t\t\t<article class=\"elementor-post elementor-grid-item post-31420 post type-post status-publish format-standard has-post-thumbnail hentry category-uncategorized-en pmpro-has-access rsfv-has-video\">\n\t\t\t\t<a class=\"elementor-post__thumbnail__link\" href=\"https:\/\/artunio.com\/sk\/31420\/\" tabindex=\"-1\" >\n\t\t\t<div class=\"elementor-post__thumbnail\"><div class=\"rsfv-shortcode-wrapper\" data-rsfv-video=\"true\" data-rsfv-source=\"embed\" data-rsfv-type=\"youtube\" style=\"clear:both\"><div class=\"rsfv-video-wrapper\"><div class=\"rsfv-iframe-wrapper\" data-aspect-ratio=\"16:9\"><iframe class=\"rsfv-video\" width=\"100%\" height=\"540\" src=\"https:\/\/www.youtube.com\/embed\/k6zsDH6Y2-8?autoplay=0&#038;controls=1\" frameborder=\"0\" allowfullscreen><\/iframe><\/div><\/div><\/div><\/div>\n\t\t<\/a>\n\t\t\t\t<div class=\"elementor-post__text\">\n\t\t\t\t<h3 class=\"elementor-post__title\">\n\t\t\t<a href=\"https:\/\/artunio.com\/sk\/31420\/\" >\n\t\t\t\tIBIYEWA &#8211; MPAMORIA\t\t\t<\/a>\n\t\t<\/h3>\n\t\t\t\t<div class=\"elementor-post__excerpt\">\n\t\t\t<p>\u00a0MPAMORIA, un final acoustique de cet album &#8220;VENDREDI MAGNIFIQUE&#8221; avec ce titre de Joel Rabesolo, soulign\u00e9 par le talking drums parfaitement maitris\u00e9 de Angelo Moustapha. Ce morceau nous raconte que nous sommes tous des nomades<\/p>\n\t\t<\/div>\n\t\t\n\t\t<a class=\"elementor-post__read-more\" href=\"https:\/\/artunio.com\/sk\/31420\/\" aria-label=\"Read more about IBIYEWA &#8211; MPAMORIA\" tabindex=\"-1\" >\n\t\t\tFind out more \u00bb\t\t<\/a>\n\n\t\t\t\t<\/div>\n\t\t\t\t<\/article>\n\t\t\t\t<article class=\"elementor-post elementor-grid-item post-31413 post type-post status-publish format-standard has-post-thumbnail hentry category-uncategorized-en pmpro-has-access rsfv-has-video\">\n\t\t\t\t<a class=\"elementor-post__thumbnail__link\" href=\"https:\/\/artunio.com\/sk\/31413\/\" tabindex=\"-1\" >\n\t\t\t<div class=\"elementor-post__thumbnail\"><div class=\"rsfv-shortcode-wrapper\" data-rsfv-video=\"true\" data-rsfv-source=\"embed\" data-rsfv-type=\"youtube\" style=\"clear:both\"><div class=\"rsfv-video-wrapper\"><div class=\"rsfv-iframe-wrapper\" data-aspect-ratio=\"16:9\"><iframe class=\"rsfv-video\" width=\"100%\" height=\"540\" src=\"https:\/\/www.youtube.com\/embed\/q3UoDPL5HZ8?autoplay=0&#038;controls=1\" frameborder=\"0\" allowfullscreen><\/iframe><\/div><\/div><\/div><\/div>\n\t\t<\/a>\n\t\t\t\t<div class=\"elementor-post__text\">\n\t\t\t\t<h3 class=\"elementor-post__title\">\n\t\t\t<a href=\"https:\/\/artunio.com\/sk\/31413\/\" >\n\t\t\t\tIBIYEWA &#8211; COTE LUMIERE\t\t\t<\/a>\n\t\t<\/h3>\n\t\t\t\t<div class=\"elementor-post__excerpt\">\n\t\t\t<p>C\u00f4t\u00e9 Lumi\u00e8re\u00a0: Une composition en trois parties d&#8217;Angelo Moustapha, capture brillamment l&#8217;essence de la luminosit\u00e9 et de l&#8217;\u00e9nergie solaire. Ce morceau se d\u00e9ploie avec \u00e9l\u00e9gance, culminant dans un solo final qui met en valeur le<\/p>\n\t\t<\/div>\n\t\t\n\t\t<a class=\"elementor-post__read-more\" href=\"https:\/\/artunio.com\/sk\/31413\/\" aria-label=\"Read more about IBIYEWA &#8211; COTE LUMIERE\" tabindex=\"-1\" >\n\t\t\tFind out more \u00bb\t\t<\/a>\n\n\t\t\t\t<\/div>\n\t\t\t\t<\/article>\n\t\t\t\t<article class=\"elementor-post elementor-grid-item post-31407 post type-post status-publish format-standard has-post-thumbnail hentry category-uncategorized-en pmpro-has-access rsfv-has-video\">\n\t\t\t\t<a class=\"elementor-post__thumbnail__link\" href=\"https:\/\/artunio.com\/sk\/31407\/\" tabindex=\"-1\" >\n\t\t\t<div class=\"elementor-post__thumbnail\"><div class=\"rsfv-shortcode-wrapper\" data-rsfv-video=\"true\" data-rsfv-source=\"embed\" data-rsfv-type=\"youtube\" style=\"clear:both\"><div class=\"rsfv-video-wrapper\"><div class=\"rsfv-iframe-wrapper\" data-aspect-ratio=\"16:9\"><iframe class=\"rsfv-video\" width=\"100%\" height=\"540\" src=\"https:\/\/www.youtube.com\/embed\/zYXJfryHyQ0?autoplay=0&#038;controls=1\" frameborder=\"0\" allowfullscreen><\/iframe><\/div><\/div><\/div><\/div>\n\t\t<\/a>\n\t\t\t\t<div class=\"elementor-post__text\">\n\t\t\t\t<h3 class=\"elementor-post__title\">\n\t\t\t<a href=\"https:\/\/artunio.com\/sk\/31407\/\" >\n\t\t\t\tIBYIEWA &#8211; ENSEMBLE\t\t\t<\/a>\n\t\t<\/h3>\n\t\t\t\t<div class=\"elementor-post__excerpt\">\n\t\t\t<p>Angelo Moustapha sugg\u00e8re cette m\u00e9lodique que le groupe s\u2019est imm\u00e9diatement appropri\u00e9.\u00a0S&#8217;ensuit un d\u00e9lire rythmique explosif\u00a0, ponctu\u00e9 de sax devenu \u00e9lectro, et un solo de batterie spectaculaire.\u00a0Composition et Batterie : Angelo MoustaphaSax et Fx : Toine<\/p>\n\t\t<\/div>\n\t\t\n\t\t<a class=\"elementor-post__read-more\" href=\"https:\/\/artunio.com\/sk\/31407\/\" aria-label=\"Read more about IBYIEWA &#8211; ENSEMBLE\" tabindex=\"-1\" >\n\t\t\tFind out more \u00bb\t\t<\/a>\n\n\t\t\t\t<\/div>\n\t\t\t\t<\/article>\n\t\t\t\t<article class=\"elementor-post elementor-grid-item post-31383 post type-post status-publish format-standard has-post-thumbnail hentry category-uncategorized-en pmpro-has-access rsfv-has-video\">\n\t\t\t\t<a class=\"elementor-post__thumbnail__link\" href=\"https:\/\/artunio.com\/sk\/31383\/\" tabindex=\"-1\" >\n\t\t\t<div class=\"elementor-post__thumbnail\"><div class=\"rsfv-shortcode-wrapper\" data-rsfv-video=\"true\" data-rsfv-source=\"embed\" data-rsfv-type=\"youtube\" style=\"clear:both\"><div class=\"rsfv-video-wrapper\"><div class=\"rsfv-iframe-wrapper\" data-aspect-ratio=\"16:9\"><iframe class=\"rsfv-video\" width=\"100%\" height=\"540\" src=\"https:\/\/www.youtube.com\/embed\/6xonI1-q_ag?autoplay=0&#038;controls=1\" frameborder=\"0\" allowfullscreen><\/iframe><\/div><\/div><\/div><\/div>\n\t\t<\/a>\n\t\t\t\t<div class=\"elementor-post__text\">\n\t\t\t\t<h3 class=\"elementor-post__title\">\n\t\t\t<a href=\"https:\/\/artunio.com\/sk\/31383\/\" >\n\t\t\t\tThe Drama of a Greek Drummer\t\t\t<\/a>\n\t\t<\/h3>\n\t\t\t\t<div class=\"elementor-post__excerpt\">\n\t\t\t<p>V.Karparov Quartet, Live at B flat Jazz Club\u00a0\u00a0For similar content follow:<\/p>\n\t\t<\/div>\n\t\t\n\t\t<a class=\"elementor-post__read-more\" href=\"https:\/\/artunio.com\/sk\/31383\/\" aria-label=\"Read more about The Drama of a Greek Drummer\" tabindex=\"-1\" >\n\t\t\tFind out more \u00bb\t\t<\/a>\n\n\t\t\t\t<\/div>\n\t\t\t\t<\/article>\n\t\t\t\t<article class=\"elementor-post elementor-grid-item post-31371 post type-post status-publish format-standard has-post-thumbnail hentry category-uncategorized-en pmpro-has-access rsfv-has-video\">\n\t\t\t\t<a class=\"elementor-post__thumbnail__link\" href=\"https:\/\/artunio.com\/sk\/31371\/\" tabindex=\"-1\" >\n\t\t\t<div class=\"elementor-post__thumbnail\"><div class=\"rsfv-shortcode-wrapper\" data-rsfv-video=\"true\" data-rsfv-source=\"embed\" data-rsfv-type=\"youtube\" style=\"clear:both\"><div class=\"rsfv-video-wrapper\"><div class=\"rsfv-iframe-wrapper\" data-aspect-ratio=\"16:9\"><iframe class=\"rsfv-video\" width=\"100%\" height=\"540\" src=\"https:\/\/www.youtube.com\/embed\/T7VECXBfXyY?autoplay=0&#038;controls=1\" frameborder=\"0\" allowfullscreen><\/iframe><\/div><\/div><\/div><\/div>\n\t\t<\/a>\n\t\t\t\t<div class=\"elementor-post__text\">\n\t\t\t\t<h3 class=\"elementor-post__title\">\n\t\t\t<a href=\"https:\/\/artunio.com\/sk\/31371\/\" >\n\t\t\t\tEastern Passage at Bansko Jazz Festival 2024\t\t\t<\/a>\n\t\t<\/h3>\n\t\t\t\t<div class=\"elementor-post__excerpt\">\n\t\t\t<p>The band Eastern Passage was formed by Asen Doykin and Vladimir Karparov for a series of concerts in Berlin, Germany in 2017 . Since then the band has performed at a numerous festivals, jazz clubs<\/p>\n\t\t<\/div>\n\t\t\n\t\t<a class=\"elementor-post__read-more\" href=\"https:\/\/artunio.com\/sk\/31371\/\" aria-label=\"Read more about Eastern Passage at Bansko Jazz Festival 2024\" tabindex=\"-1\" >\n\t\t\tFind out more \u00bb\t\t<\/a>\n\n\t\t\t\t<\/div>\n\t\t\t\t<\/article>\n\t\t\t\t<article class=\"elementor-post elementor-grid-item post-31365 post type-post status-publish format-standard has-post-thumbnail hentry category-uncategorized-en pmpro-has-access rsfv-has-video\">\n\t\t\t\t<a class=\"elementor-post__thumbnail__link\" href=\"https:\/\/artunio.com\/sk\/31365\/\" tabindex=\"-1\" >\n\t\t\t<div class=\"elementor-post__thumbnail\"><div class=\"rsfv-shortcode-wrapper\" data-rsfv-video=\"true\" data-rsfv-source=\"embed\" data-rsfv-type=\"youtube\" style=\"clear:both\"><div class=\"rsfv-video-wrapper\"><div class=\"rsfv-iframe-wrapper\" data-aspect-ratio=\"16:9\"><iframe class=\"rsfv-video\" width=\"100%\" height=\"540\" src=\"https:\/\/www.youtube.com\/embed\/MZbNFkIfNoE?autoplay=0&#038;controls=1\" frameborder=\"0\" allowfullscreen><\/iframe><\/div><\/div><\/div><\/div>\n\t\t<\/a>\n\t\t\t\t<div class=\"elementor-post__text\">\n\t\t\t\t<h3 class=\"elementor-post__title\">\n\t\t\t<a href=\"https:\/\/artunio.com\/sk\/31365\/\" >\n\t\t\t\tV Karparov Quartet, feat. T Yamani, B-flat Jazz Club, 12th of Nov. 2021\t\t\t<\/a>\n\t\t<\/h3>\n\t\t\t\t<div class=\"elementor-post__excerpt\">\n\t\t\t<p>B-flat, V.Karparov Quartet, feat. T.Yamani, 2021-11-12 Vladimir Karparov (saxophone) Tarek Yamani (piano) Igor Spallati (bass) Dimitris Christides (drums)\u00a0#2,4,8 by T.Yamani, #1,3,5,6,7,9,10 by V.Karparov\u00a0On the 12th of Nov. 2021 the quartet presented a new program, developed<\/p>\n\t\t<\/div>\n\t\t\n\t\t<a class=\"elementor-post__read-more\" href=\"https:\/\/artunio.com\/sk\/31365\/\" aria-label=\"Read more about V Karparov Quartet, feat. T Yamani, B-flat Jazz Club, 12th of Nov. 2021\" tabindex=\"-1\" >\n\t\t\tFind out more \u00bb\t\t<\/a>\n\n\t\t\t\t<\/div>\n\t\t\t\t<\/article>\n\t\t\t\t<article class=\"elementor-post elementor-grid-item post-31359 post type-post status-publish format-standard has-post-thumbnail hentry category-uncategorized-en pmpro-has-access rsfv-has-video\">\n\t\t\t\t<a class=\"elementor-post__thumbnail__link\" href=\"https:\/\/artunio.com\/sk\/31359\/\" tabindex=\"-1\" >\n\t\t\t<div class=\"elementor-post__thumbnail\"><div class=\"rsfv-shortcode-wrapper\" data-rsfv-video=\"true\" data-rsfv-source=\"embed\" data-rsfv-type=\"youtube\" style=\"clear:both\"><div class=\"rsfv-video-wrapper\"><div class=\"rsfv-iframe-wrapper\" data-aspect-ratio=\"16:9\"><iframe class=\"rsfv-video\" width=\"100%\" height=\"540\" src=\"https:\/\/www.youtube.com\/embed\/TDozswomD7Q?autoplay=0&#038;controls=1\" frameborder=\"0\" allowfullscreen><\/iframe><\/div><\/div><\/div><\/div>\n\t\t<\/a>\n\t\t\t\t<div class=\"elementor-post__text\">\n\t\t\t\t<h3 class=\"elementor-post__title\">\n\t\t\t<a href=\"https:\/\/artunio.com\/sk\/31359\/\" >\n\t\t\t\tMerak &#8211; V.Karparov quartet\t\t\t<\/a>\n\t\t<\/h3>\n\t\t\t\t<div class=\"elementor-post__excerpt\">\n\t\t\t<p>V.Karparov Quartet, Live at Lighthouse Berlin John Tettenborn (visuals) Dimitris Christides (drums) Igor Spallati (bass) Daniel Stawinski (piano) Vladimir Karparov (tenor sax, composition)\u00a0https:\/\/www.vladimirkarparov.com\/\u00a0For similar content follow:<\/p>\n\t\t<\/div>\n\t\t\n\t\t<a class=\"elementor-post__read-more\" href=\"https:\/\/artunio.com\/sk\/31359\/\" aria-label=\"Read more about Merak &#8211; V.Karparov quartet\" tabindex=\"-1\" >\n\t\t\tFind out more \u00bb\t\t<\/a>\n\n\t\t\t\t<\/div>\n\t\t\t\t<\/article>\n\t\t\t\t<article class=\"elementor-post elementor-grid-item post-31339 post type-post status-publish format-standard has-post-thumbnail hentry category-uncategorized-en pmpro-has-access rsfv-has-video\">\n\t\t\t\t<a class=\"elementor-post__thumbnail__link\" href=\"https:\/\/artunio.com\/sk\/31339\/\" tabindex=\"-1\" >\n\t\t\t<div class=\"elementor-post__thumbnail\"><div class=\"rsfv-shortcode-wrapper\" data-rsfv-video=\"true\" data-rsfv-source=\"embed\" data-rsfv-type=\"youtube\" style=\"clear:both\"><div class=\"rsfv-video-wrapper\"><div class=\"rsfv-iframe-wrapper\" data-aspect-ratio=\"16:9\"><iframe class=\"rsfv-video\" width=\"100%\" height=\"540\" src=\"https:\/\/www.youtube.com\/embed\/zGYcq92LLAA?autoplay=0&#038;controls=1\" frameborder=\"0\" allowfullscreen><\/iframe><\/div><\/div><\/div><\/div>\n\t\t<\/a>\n\t\t\t\t<div class=\"elementor-post__text\">\n\t\t\t\t<h3 class=\"elementor-post__title\">\n\t\t\t<a href=\"https:\/\/artunio.com\/sk\/31339\/\" >\n\t\t\t\tBalkan Spirit Ensemble &#8211; live at the Boundless Matro Boutique Village Jazz Club in Suzhou\t\t\t<\/a>\n\t\t<\/h3>\n\t\t\t\t<div class=\"elementor-post__excerpt\">\n\t\t\t<p>Katya Tasheva (vocal), Vladimir Karparov (saxophone), Daniel Stawinski (piano), Niklas Lukassen (double bass), Peter Somos (drums)\u00a0https:\/\/www.balkan-spirit-ensemble.com\/\u00a0\u00a0For similar content follow:<\/p>\n\t\t<\/div>\n\t\t\n\t\t<a class=\"elementor-post__read-more\" href=\"https:\/\/artunio.com\/sk\/31339\/\" aria-label=\"Read more about Balkan Spirit Ensemble &#8211; live at the Boundless Matro Boutique Village Jazz Club in Suzhou\" tabindex=\"-1\" >\n\t\t\tFind out more \u00bb\t\t<\/a>\n\n\t\t\t\t<\/div>\n\t\t\t\t<\/article>\n\t\t\t\t<\/div>\n\t\t\n\t\t\t\t<div class=\"e-load-more-anchor\" data-page=\"1\" data-max-page=\"10\" data-next-page=\"https:\/\/artunio.com\/sk\/wp-json\/wp\/v2\/pages\/26122\/page\/2\/\"><\/div>\n\t\t\t\t<nav class=\"elementor-pagination\" aria-label=\"Pagination\">\n\t\t\t<span class=\"page-numbers prev\">&laquo;Predch\u00e1daj\u00face<\/span>\n<a class=\"page-numbers next\" href=\"https:\/\/artunio.com\/sk\/wp-json\/wp\/v2\/pages\/26122\/page\/2\/\">Nasleduj\u00face &raquo;<\/a>\t\t<\/nav>\n\t\t\t\t\t\t<\/div>\n\t\t\t\t<\/div>\n\t\t\t\t\t<\/div>\n\t\t<\/div>\n\t\t\t\t\t<\/div>\n\t\t<\/section>\n\t\t\t\t<\/div>","protected":false},"excerpt":{"rendered":"","protected":false},"author":1,"featured_media":0,"parent":0,"menu_order":0,"comment_status":"closed","ping_status":"closed","template":"","meta":{"pmpro_default_level":"","footnotes":""},"class_list":["post-26122","page","type-page","status-publish","hentry","pmpro-has-access","rsfv-has-video"],"_links":{"self":[{"href":"https:\/\/artunio.com\/sk\/wp-json\/wp\/v2\/pages\/26122","targetHints":{"allow":["GET"]}}],"collection":[{"href":"https:\/\/artunio.com\/sk\/wp-json\/wp\/v2\/pages"}],"about":[{"href":"https:\/\/artunio.com\/sk\/wp-json\/wp\/v2\/types\/page"}],"author":[{"embeddable":true,"href":"https:\/\/artunio.com\/sk\/wp-json\/wp\/v2\/users\/1"}],"replies":[{"embeddable":true,"href":"https:\/\/artunio.com\/sk\/wp-json\/wp\/v2\/comments?post=26122"}],"version-history":[{"count":244,"href":"https:\/\/artunio.com\/sk\/wp-json\/wp\/v2\/pages\/26122\/revisions"}],"predecessor-version":[{"id":32683,"href":"https:\/\/artunio.com\/sk\/wp-json\/wp\/v2\/pages\/26122\/revisions\/32683"}],"wp:attachment":[{"href":"https:\/\/artunio.com\/sk\/wp-json\/wp\/v2\/media?parent=26122"}],"curies":[{"name":"wp","href":"https:\/\/api.w.org\/{rel}","templated":true}]}}