{"id":25330,"date":"2024-02-27T07:52:29","date_gmt":"2024-02-27T07:52:29","guid":{"rendered":"https:\/\/artunio.com\/?page_id=25330"},"modified":"2024-11-08T14:59:18","modified_gmt":"2024-11-08T14:59:18","slug":"cookie-rules","status":"publish","type":"page","link":"https:\/\/artunio.com\/sk\/cookie-rules\/","title":{"rendered":"Cookies"},"content":{"rendered":"<div data-elementor-type=\"wp-page\" data-elementor-id=\"25330\" class=\"elementor elementor-25330\" data-elementor-post-type=\"page\">\n\t\t\t\t\t\t<section class=\"ob-is-breaking-bad elementor-section elementor-top-section elementor-element elementor-element-626f303f elementor-section-boxed elementor-section-height-default elementor-section-height-default\" data-id=\"626f303f\" data-element_type=\"section\" data-settings=\"{&quot;background_background&quot;:&quot;classic&quot;,&quot;_ob_bbad_use_it&quot;:&quot;yes&quot;,&quot;_ob_bbad_sssic_use&quot;:&quot;no&quot;,&quot;_ob_glider_is_slider&quot;:&quot;no&quot;}\">\n\t\t\t\t\t\t<div class=\"elementor-container elementor-column-gap-default\">\n\t\t\t\t\t<div class=\"elementor-column elementor-col-100 elementor-top-column elementor-element elementor-element-657428ad\" data-id=\"657428ad\" data-element_type=\"column\" data-settings=\"{&quot;_ob_bbad_is_stalker&quot;:&quot;no&quot;,&quot;_ob_teleporter_use&quot;:false,&quot;_ob_column_hoveranimator&quot;:&quot;no&quot;,&quot;_ob_column_has_pseudo&quot;:&quot;no&quot;}\">\n\t\t\t<div class=\"elementor-widget-wrap elementor-element-populated\">\n\t\t\t\t\t\t<div class=\"elementor-element elementor-element-9d35286 ob-has-background-overlay elementor-widget elementor-widget-theme-site-logo elementor-widget-image\" data-id=\"9d35286\" data-element_type=\"widget\" data-settings=\"{&quot;_ob_perspektive_use&quot;:&quot;no&quot;,&quot;_ob_poopart_use&quot;:&quot;yes&quot;,&quot;_ob_shadough_use&quot;:&quot;no&quot;,&quot;_ob_allow_hoveranimator&quot;:&quot;no&quot;,&quot;_ob_widget_stalker_use&quot;:&quot;no&quot;}\" data-widget_type=\"theme-site-logo.default\">\n\t\t\t\t<div class=\"elementor-widget-container\">\n\t\t\t\t\t\t\t\t\t\t\t<a href=\"https:\/\/artunio.com\/sk\">\n\t\t\t<img decoding=\"async\" width=\"300\" height=\"60\" src=\"https:\/\/artunio.com\/wp-content\/uploads\/2022\/06\/Artunio-black-300x60.png\" class=\"attachment-medium size-medium wp-image-4963\" alt=\"\" srcset=\"https:\/\/artunio.com\/wp-content\/uploads\/2022\/06\/Artunio-black-300x60.png 300w, https:\/\/artunio.com\/wp-content\/uploads\/2022\/06\/Artunio-black.png 500w\" sizes=\"(max-width: 300px) 100vw, 300px\" \/>\t\t\t\t<\/a>\n\t\t\t\t\t\t\t\t\t\t\t<\/div>\n\t\t\t\t<\/div>\n\t\t\t\t<div class=\"elementor-element elementor-element-63c73475 elementor-widget__width-initial elementor-widget-mobile__width-inherit elementor-hidden-desktop elementor-hidden-tablet elementor-hidden-mobile ob-harakiri-inherit ob-has-background-overlay elementor-widget elementor-widget-text-editor\" data-id=\"63c73475\" data-element_type=\"widget\" data-settings=\"{&quot;_ob_use_harakiri&quot;:&quot;yes&quot;,&quot;_ob_harakiri_writing_mode&quot;:&quot;inherit&quot;,&quot;_ob_postman_use&quot;:&quot;no&quot;,&quot;_ob_perspektive_use&quot;:&quot;no&quot;,&quot;_ob_poopart_use&quot;:&quot;yes&quot;,&quot;_ob_shadough_use&quot;:&quot;no&quot;,&quot;_ob_allow_hoveranimator&quot;:&quot;no&quot;,&quot;_ob_widget_stalker_use&quot;:&quot;no&quot;}\" data-widget_type=\"text-editor.default\">\n\t\t\t\t<div class=\"elementor-widget-container\">\n\t\t\t\t\t\t\t\t\t<p><a href=\"https:\/\/artunio.com\/sk\/login\/\"><\/a><\/p>\n<p>Cookie rules<\/p>\n<p>What are cookies?<br \/>Types of cookies<br \/>Cookies used on our website<br \/>Cookies management<\/p>\n<p>Questions and answers about cookies<\/p>\n<p>Do you have to enable cookies?<br \/>Do cookies store your personal data?<br \/>Do cookies affect your privacy and how we use your data?<br \/>Can you still use the website when you have blocked all cookies?<br \/>Where can you contact us if you have any further questions?<\/p>\n<p>Cookie rules<\/p>\n<p>In accordance with Directive 2002\/58\/EC of the European Parliament and of the Council on privacy and electronic communications, we consider it necessary to clearly and precisely inform you about the purpose of cookies and the information that is stored on the device (computer, tablet, mobile phone, &#8230;) that you use when using the website.<br \/>If you want to make full use of the functions and services offered by our website, your device must have the so-called cookies, as we can provide some functions of the website only with the use of cookies.<br \/>With the help of cookies, we examine the effectiveness of the design of the website as well as advertisements and other elements displayed on it, and they also help us verify your identity in cases where it is necessary.<br \/>By using the Website, you agree to the use of cookies as stated in our Cookie Policy.<\/p>\n<p>What are cookies?<\/p>\n<p>If you use Our Website, we may store certain information about your device in the form of a useful file known as a &#8220;cookie&#8221;. Cookies are used to improve the experience of almost every website, including ours.<br \/>Cookies are small text files that are downloaded to your device when you use the website. The website can load these cookies from your internet browser (e.g. Internet Explorer, Mozilla Firefox or Google Chrome) every time you use it, so it can recognize you and remember your preferences and settings.<br \/>Cookies are very useful and are commonly used by almost every website. For security reasons, many websites do not work at all without the use of cookies (or other similar technologies, such as &#8220;web beacons&#8221; or &#8220;tags&#8221;).<br \/>Cookies generally do not contain any personally identifiable information, but are instead used to identify the browser on a specific device.<br \/>Cookies can be temporary or permanent, depending on how long they are used: Temporary cookies last only during your online access and disappear from your device after closing the browser.<br \/>Permanent cookies will remain in your device even after closing the browser for the period specified in the cookie. These permanent cookies can be checked every time you visit the website<\/p>\n<p>Types of cookies<\/p>\n<p>If you use our website, it uses four types of cookies that can be set on your device.<\/p>\n<p>Necessary cookies<\/p>\n<p>These cookies are necessary to help you use the features and services we offer you on the website. Without these cookies, the services you want to use could not be provided. These cookies do not collect information about you that could be used for your identification, nor do they control or remember your movements on the website.<\/p>\n<p>Functional cookies<\/p>\n<p>These cookies allow us to provide you with a better experience on our website. They do not collect or store any information that would allow us to identify you.<\/p>\n<p>Performance cookies<\/p>\n<p>Performance cookies help us understand how you use our website. For example, we can see which services are most popular, determine when and where errors occur, and test different versions of the Website to provide a better online experience.<\/p>\n<p>Sometimes the services we use to collect this information may be operated by other entities with Our consent. These may use similar technologies, cookies, known as &#8220;web beacons&#8221; or &#8220;tags&#8221;. They are anonymous, and since they are used only for statistical purposes, they do not contain or collect any information that would identify you.<\/p>\n<p>Targeted cookies<\/p>\n<p>We have relationships with carefully selected and monitored entities (third parties), which can also set cookies during your use of the website. The purpose of these cookies is &#8220;behavioral advertising&#8221; (also known as &#8220;behavioral targeting&#8221; or &#8220;remarketing&#8221;), which is a means of showing you relevant products and services based on what appears to be of interest to you. Although these cookies can track your use of the website, they do not know who you are. Without these cookies, the online advertising displayed to you would be less relevant to you and your interests.<\/p>\n<p>Cookies used on our website<\/p>\n<p>In addition to the cookies set by us, we can use some services (of third parties) that set their own cookies. Although we audit the types of cookies that are used on our website, it is possible that the services we use may make changes to the names of their cookies and their purpose. Some services, especially social networks, if<\/p>\n<p><a href=\"https:\/\/artunio.com\/sk\/login\/\"><\/a><\/p>\t\t\t\t\t\t\t\t<\/div>\n\t\t\t\t<\/div>\n\t\t\t\t<div class=\"elementor-element elementor-element-ef0de8b elementor-widget__width-initial elementor-widget-mobile__width-inherit ob-harakiri-inherit ob-has-background-overlay elementor-widget elementor-widget-text-editor\" data-id=\"ef0de8b\" data-element_type=\"widget\" data-settings=\"{&quot;_ob_use_harakiri&quot;:&quot;yes&quot;,&quot;_ob_harakiri_writing_mode&quot;:&quot;inherit&quot;,&quot;_ob_postman_use&quot;:&quot;no&quot;,&quot;_ob_perspektive_use&quot;:&quot;no&quot;,&quot;_ob_poopart_use&quot;:&quot;yes&quot;,&quot;_ob_shadough_use&quot;:&quot;no&quot;,&quot;_ob_allow_hoveranimator&quot;:&quot;no&quot;,&quot;_ob_widget_stalker_use&quot;:&quot;no&quot;}\" data-no-translation=\"\" data-widget_type=\"text-editor.default\">\n\t\t\t\t<div class=\"elementor-widget-container\">\n\t\t\t\t\t<style>.elementor-element-ef0de8b{display:none !important}<\/style>\t\t\t\t<\/div>\n\t\t\t\t<\/div>\n\t\t\t\t<div class=\"elementor-element elementor-element-e53a96d elementor-widget__width-initial elementor-widget-mobile__width-inherit ob-harakiri-inherit ob-has-background-overlay elementor-widget elementor-widget-text-editor\" data-id=\"e53a96d\" data-element_type=\"widget\" data-settings=\"{&quot;_ob_use_harakiri&quot;:&quot;yes&quot;,&quot;_ob_harakiri_writing_mode&quot;:&quot;inherit&quot;,&quot;_ob_postman_use&quot;:&quot;no&quot;,&quot;_ob_perspektive_use&quot;:&quot;no&quot;,&quot;_ob_poopart_use&quot;:&quot;yes&quot;,&quot;_ob_shadough_use&quot;:&quot;no&quot;,&quot;_ob_allow_hoveranimator&quot;:&quot;no&quot;,&quot;_ob_widget_stalker_use&quot;:&quot;no&quot;}\" data-no-translation=\"\" data-widget_type=\"text-editor.default\">\n\t\t\t\t<div class=\"elementor-widget-container\">\n\t\t\t\t\t\t\t\t\t<p><a href=\"https:\/\/artunio.com\/login\/\"><\/a><\/p>\n<p><strong>Cookie pravidl\u00e1<\/strong><\/p>\n<ul>\n<li>\u010co s\u00fa to cookies?<\/li>\n<li>Typy cookies<\/li>\n<li>Cookies pou\u017eit\u00e9 na Na\u0161ej Internetovej str\u00e1nke<\/li>\n<li>Spr\u00e1va cookies<\/li>\n<\/ul>\n<p><strong>Ot\u00e1zky a odpovede oh\u013eadom cookies<\/strong><\/p>\n<ul>\n<li>Mus\u00edte ma\u0165 povolen\u00e9 cookies?<\/li>\n<li>Ukladaj\u00fa cookies Va\u0161e osobn\u00e9 \u00fadaje?<\/li>\n<li>Ovplyv\u0148uj\u00fa cookies Va\u0161e s\u00fakromie a ako pou\u017e\u00edvame Va\u0161e \u00fadaje?<\/li>\n<li>M\u00f4\u017eete st\u00e1le Pou\u017e\u00edva\u0165 Internetov\u00fa str\u00e1nku ke\u010f ste blokovali v\u0161etky cookies?<\/li>\n<li>Kde N\u00e1s m\u00f4\u017ete kontaktova\u0165, ak m\u00e1te nejak\u00e9 \u010fal\u0161ie ot\u00e1zky?<\/li>\n<\/ul>\n<p><strong>Cookie pravidl\u00e1<\/strong><\/p>\n<ol>\n<li>V zmysle Smernice Eur\u00f3pskeho parlamentu a Rady 2002\/58\/ES o s\u00fakrom\u00ed a elektronick\u00fdch komunik\u00e1ci\u00e1ch pova\u017eujeme za potrebn\u00e9 jasne a presne V\u00e1s informova\u0165 o \u00fa\u010dele cookies a inform\u00e1ci\u00e1ch, ktor\u00e9 sa ukladaj\u00fa do zariadenia (po\u010d\u00edta\u010d, tablet, mobiln\u00fd telef\u00f3n, &#8230;), ktor\u00e9 pri Pou\u017e\u00edvan\u00ed Internetovej str\u00e1nky vyu\u017e\u00edvate.<\/li>\n<li>Ak chcete naplno vyu\u017ei\u0165 funkcie a slu\u017eby, ktor\u00e9 pon\u00faka Na\u0161a Internetov\u00e1 str\u00e1nka, Va\u0161e zariadenie mus\u00ed ma\u0165 povolen\u00e9 tzv. cookies, nako\u013eko niektor\u00e9 funkcie Internetovej str\u00e1nky m\u00f4\u017eeme poskytova\u0165 len za vyu\u017e\u00edvania cookies.<\/li>\n<li>Pomocou cookies sk\u00famame \u00fa\u010dinnos\u0165 dizajnu Internetovej str\u00e1nky ako aj rekl\u00e1m a in\u00fdch prvkov na nej zobrazen\u00fdch a tie\u017e N\u00e1m pom\u00e1haj\u00fa pri overovan\u00ed Va\u0161ej toto\u017enosti v pr\u00edpadoch, ak je to potrebn\u00e9.<\/li>\n<li>Pou\u017eit\u00edm Internetovej str\u00e1nky s\u00fahlas\u00edte s pou\u017e\u00edvan\u00edm cookies tak, ako je to uveden\u00e9 v t\u00fdchto Na\u0161ich Cookie pravidl\u00e1ch.<\/li>\n<\/ol>\n<p><strong>\u010co s\u00fa to cookies?<\/strong><\/p>\n<ol>\n<li>Ak pou\u017e\u00edvate Na\u0161u Internetov\u00fa str\u00e1nku, m\u00f4\u017eeme uklada\u0165 ur\u010dit\u00e9 inform\u00e1cie o Va\u0161om zariaden\u00ed vo forme u\u017eito\u010dn\u00e9ho s\u00faboru zn\u00e1meho ako &#8220;cookie&#8221;. Cookies s\u00fa pou\u017e\u00edvan\u00e9 k zlep\u0161eniu z\u00e1\u017eitku z takmer ka\u017edej internetovej str\u00e1nky, vr\u00e1tane tej Na\u0161ej.<\/li>\n<li>Cookies s\u00fa mal\u00e9 textov\u00e9 s\u00fabory, ktor\u00e9 s\u00fa stiahnut\u00e9 do V\u00e1\u0161ho zariadenia, ke\u010f Pou\u017e\u00edvate Internetov\u00fa str\u00e1nku. Internetov\u00e1 str\u00e1nka m\u00f4\u017ee na\u010d\u00edta\u0165 tieto s\u00fabory cookie z V\u00e1\u0161ho internetov\u00e9ho prehliada\u010da (napr. Internet Explorer, Mozilla Firefox alebo Google Chrome) zaka\u017ed\u00fdm, ke\u010f ju Pou\u017e\u00edva\u0161, a tak \u0164a m\u00f4\u017ee rozpozna\u0165 a zapam\u00e4ta\u0165 si Va\u0161e preferencie a nastavenia.<\/li>\n<li>Cookies s\u00fa ve\u013emi u\u017eito\u010dn\u00e9 a s\u00fa be\u017ene pou\u017e\u00edvan\u00e9 takmer ka\u017edou internetovou str\u00e1nkou. Z bezpe\u010dnostn\u00fdch d\u00f4vodov ve\u013ea internetov\u00fdch str\u00e1nok nefunguje v\u00f4bec bez pou\u017eitia cookies (alebo in\u00fdch podobn\u00fdch technol\u00f3gi\u00ed, ako s\u00fa napr\u00edklad &#8220;web beacons&#8221; alebo &#8220;tags&#8221;).<\/li>\n<li>Cookies vo v\u0161eobecnosti nemaj\u00fa \u017eiadne inform\u00e1cie sl\u00fa\u017eiace na identifik\u00e1ciu jednotliv\u00fdch os\u00f4b, ale namiesto toho sa pou\u017e\u00edvaj\u00fa na identifik\u00e1ciu prehliada\u010da na konkr\u00e9tnom zariaden\u00ed.<\/li>\n<li>Cookies m\u00f4\u017eu by\u0165 do\u010dasn\u00e9 alebo trval\u00e9, v z\u00e1vislosti na tom, ako dlho s\u00fa pou\u017e\u00edvan\u00e9: Do\u010dasn\u00e9 cookies trvaj\u00fa len po\u010das V\u00e1\u0161ho online pr\u00edstupu a zmizn\u00fa z\u00a0V\u00e1\u0161ho zariadenia po zatvoren\u00ed prehliada\u010da.<\/li>\n<li>Trval\u00e9 cookies zostan\u00fa vo Va\u0161om zariaden\u00ed aj po zatvoren\u00ed prehliada\u010da po dobu uveden\u00fa v cookie. Tieto trval\u00e9 cookies m\u00f4\u017eu by\u0165 kontrolovan\u00e9 pri ka\u017edej n\u00e1v\u0161teve Internetovej str\u00e1nky<\/li>\n<\/ol>\n<p><strong>Typy cookies<\/strong><\/p>\n<p>Ak Pou\u017e\u00edva\u0161 Na\u0161u Internetov\u00fa str\u00e1nku, t\u00e1to pou\u017e\u00edva \u0161tyri druhy cookies, ktor\u00e9 m\u00f4\u017eu by\u0165 nastaven\u00e9 vo Va\u0161om zariaden\u00ed.<\/p>\n<ul>\n<li><strong>Nevyhnutn\u00e9 cookies<\/strong><\/li>\n<\/ul>\n<p>Tieto cookies s\u00fa nevyhnutn\u00e9 na to, aby V\u00e1m pomohli vyu\u017ei\u0165 vlastnosti a slu\u017eby, ktor\u00e9 V\u00e1m pon\u00fakame na Internetovej str\u00e1nke. Bez t\u00fdchto cookies by slu\u017eby, ktor\u00e9 chcete vyu\u017ei\u0165, nemohli by\u0165 poskytnut\u00e9. Tieto cookies nezbieraj\u00fa inform\u00e1cie o V\u00e1s, ktor\u00e9 by mohli by\u0165 pou\u017eit\u00e9 na Va\u0161u identifik\u00e1ciu, a ani nekontroluj\u00fa a nepam\u00e4taj\u00fa si V\u00e1\u0161 pohyb na Internetovej str\u00e1nke.<\/p>\n<ul>\n<li><strong>Funk\u010dn\u00e9 cookies<\/strong><\/li>\n<\/ul>\n<p>Tieto cookies N\u00e1m umo\u017e\u0148uj\u00fa poskytova\u0165 V\u00e1m lep\u0161\u00ed z\u00e1\u017eitok z Na\u0161ej Internetovej str\u00e1nky. Nezbieraj\u00fa ani neukladaj\u00fa \u017eiadne inform\u00e1cie, ktor\u00e9 by N\u00e1m umo\u017enili identifikova\u0165\u00a0 V\u00e1s.<\/p>\n<ul>\n<li><strong>V\u00fdkonnostn\u00e9 cookies<\/strong><\/li>\n<\/ul>\n<p>V\u00fdkonnostn\u00e9 cookies N\u00e1m pom\u00e1haj\u00fa pochopi\u0165, ako Pou\u017e\u00edvate Na\u0161u Internetov\u00fa str\u00e1nku. Napr\u00edklad m\u00f4\u017eeme vidie\u0165, ktor\u00e9 slu\u017eby s\u00fa najob\u013e\u00fabenej\u0161ie, ur\u010di\u0165, kedy a kde doch\u00e1dza k chyb\u00e1m, a otestova\u0165 r\u00f4zne verzie Internetovej str\u00e1nky s cie\u013eom poskytn\u00fa\u0165 lep\u0161\u00ed online z\u00e1\u017eitok z nej.<\/p>\n<p>Niekedy m\u00f4\u017eu by\u0165 slu\u017eby, ktor\u00e9 vyu\u017e\u00edvame na zber t\u00fdchto inform\u00e1ci\u00ed, prev\u00e1dzkovan\u00e9 in\u00fdmi subjektami s Na\u0161\u00edm s\u00fahlasom. Tieto m\u00f4\u017eu pou\u017e\u00edva\u0165 podobn\u00e9 technol\u00f3gie, cookies, zn\u00e1me ako &#8220;web beacons&#8221; alebo &#8220;tags&#8221;. S\u00fa anonymn\u00e9, a ke\u010f\u017ee s\u00fa pou\u017e\u00edvan\u00e9 len na \u0161tatistick\u00e9 \u00fa\u010dely, neobsahuj\u00fa ani nezbieraj\u00fa \u017eiadne inform\u00e1cie, ktor\u00e9 by V\u00e1s identifikovali.<\/p>\n<ul>\n<li><strong>Cielen\u00e9 cookies<\/strong><\/li>\n<\/ul>\n<p>M\u00e1me vz\u0165ahy so starostlivo vybran\u00fdmi a sledovan\u00fdmi subjektami (tret\u00edmi stranami), ktor\u00e9 tie\u017e m\u00f4\u017eu nastavova\u0165 cookies po\u010das Tvojho Pou\u017e\u00edvania Internetovej str\u00e1nky. \u00da\u010delom t\u00fdchto cookies je &#8220;behavior\u00e1lna reklama&#8221; (tie\u017e zn\u00e1ma ako &#8220;behavior\u00e1lne cielenie&#8221; alebo &#8220;remarketing&#8221;), ktor\u00e1 je prostriedkom, ako V\u00e1m uk\u00e1za\u0165 pr\u00edslu\u0161n\u00e9 produkty a slu\u017eby zalo\u017een\u00e9 na tom, \u010do sa jav\u00ed ako to \u010do V\u00e1s zauj\u00edma. Hoci tieto cookies m\u00f4\u017eu sledova\u0165 Va\u0161e Pou\u017e\u00edvanie Internetovej str\u00e1nky, nevedia, kto si. Bez t\u00fdchto cookies by online reklama, ktor\u00e1 V\u00e1m je zobrazovan\u00e1, bola menej relevantn\u00e1 vo\u010di V\u00e1m a Va\u0161\u00edm z\u00e1ujmom.<\/p>\n<p><strong>Cookies pou\u017eit\u00e9 na Na\u0161ej Internetovej str\u00e1nke<\/strong><\/p>\n<p>Okrem Nami nastaven\u00fdch cookies m\u00f4\u017eeme vyu\u017e\u00edva\u0165 niektor\u00e9 slu\u017eby (tret\u00edch os\u00f4b), ktor\u00e9 si nastavuj\u00fa vlastn\u00e9 cookies. Aj ke\u010f auditujeme typy cookies, ktor\u00e9 s\u00fa pou\u017eit\u00e9 na Na\u0161ej Internetovej str\u00e1nke, je mo\u017en\u00e9, \u017ee slu\u017eby, ktor\u00e9 vyu\u017e\u00edvame, m\u00f4\u017eu vykon\u00e1va\u0165 zmeny n\u00e1zvov ich cookies a ich \u00fa\u010del. Niektor\u00e9 slu\u017eby, najm\u00e4 soci\u00e1lne siete, ako je Facebook a Twitter, menia ich cookies pravidelne. Aj ke\u010f m\u00e1me z\u00e1ujem poskytova\u0165 V\u00e1m aktu\u00e1lne inform\u00e1cie, nemus\u00edme by\u0165 schopn\u00ed reflektova\u0165 tieto zmeny ihne\u010f v Na\u0161ich Cookie pravidl\u00e1ch.<\/p>\n<p><strong>Spr\u00e1va cookies<\/strong><\/p>\n<p>V\u00e4\u010d\u0161ina internetov\u00fdch prehliada\u010dov umo\u017e\u0148uje vymaza\u0165 cookies z V\u00e1\u0161ho zariadenia, zablokova\u0165 v\u0161etky cookies (alebo len cookie tretej strany), alebo varova\u0165 V\u00e1s pred t\u00fdm, ako je cookie ulo\u017een\u00fd na Va\u0161om zariaden\u00ed.<br \/>Vezmite pros\u00edm na vedomie, \u017ee ak sa rozhodnete blokova\u0165 v\u0161etky cookies, Na\u0161a Internetov\u00e1 str\u00e1nka nebude fungova\u0165 tak, ako bolo zam\u00fd\u0161\u013ean\u00e9, a nebudete ju m\u00f4c\u0165 Pou\u017e\u00edva\u0165 alebo pristupova\u0165 k mnoh\u00fdm funkci\u00e1m, ktor\u00e9 poskytuje. Ak ste zablokovali v\u0161etky cookies a chcete naplno vyu\u017ei\u0165 funkcie a slu\u017eby, ktor\u00e9 Internetov\u00e1 str\u00e1nka pon\u00faka, budete musie\u0165 povoli\u0165 cookies. M\u00f4\u017ete to urobi\u0165 v Tvojom prehliada\u010di.<\/p>\n<p>Rad\u0161ej ne\u017e blokova\u0165 v\u0161etky cookies, m\u00f4\u017eete si vybra\u0165 len blokovanie cookies tret\u00edch str\u00e1n, ktor\u00e9 V\u00e1m umo\u017en\u00ed to, aby Na\u0161a Internetov\u00e1 str\u00e1nka fungovala tak, ako bolo zam\u00fd\u0161\u013ean\u00e9.<\/p>\n<p><strong>Ot\u00e1zky a odpovede<\/strong><\/p>\n<p><strong>Mus\u00edte ma\u0165 povolen\u00e9 cookies?<\/strong><\/p>\n<p>\u00c1no, ak chcete Pou\u017e\u00edva\u0165 Internetov\u00fa str\u00e1nku bez obmedzen\u00ed. Ak cookies nepovol\u00edte, alebo blokujete, m\u00f4\u017ete Pou\u017e\u00edva\u0165 Internetov\u00fa str\u00e1nku tie\u017e, av\u0161ak nezaru\u010dujeme V\u00e1m jej pln\u00fa funkcionalitu.<\/p>\n<p><strong>Ukladaj\u00fa cookies Va\u0161e osobn\u00e9 \u00fadaje?<\/strong><\/p>\n<p>Nie. Neukladaj\u00fa. Inform\u00e1cie, ktor\u00e9 N\u00e1m poskytnete, s\u00fa ulo\u017een\u00e9 v bezpe\u010d\u00ed a nie s\u00fa zhroma\u017e\u010fovan\u00e9 ani ulo\u017een\u00e9 v cookies. Cookies nem\u00f4\u017eu z\u00edska\u0165 pr\u00edstup k V\u00e1\u0161mu zariadeniu, alebo si pre\u010d\u00edta\u0165 osobn\u00e9 \u00fadaje ulo\u017een\u00e9 v \u0148om. Na\u0161e cookies nem\u00f4\u017eu nain\u0161talova\u0165 ni\u010d \u0161kodliv\u00e9 na Va\u0161om zariaden\u00ed. V skuto\u010dnosti, obsah v\u00e4\u010d\u0161iny cookies je n\u00e1hodn\u00fd re\u0165azec \u010d\u00edsel a p\u00edsmen, ktor\u00e9 sl\u00fa\u017eia iba ako identifik\u00e1tor.<\/p>\n<p><strong>Ovplyv\u0148uj\u00fa cookies Va\u0161e s\u00fakromie a ako pou\u017e\u00edvame Va\u0161e \u00fadaje?<\/strong><\/p>\n<p>Zav\u00e4zujeme sa re\u0161pektova\u0165 Va\u0161e s\u00fakromie a m\u00f4\u017ete si by\u0165 ist\u00fd, \u017ee s\u00a0Va\u0161imi \u00fadajmi (nielen osobn\u00fdmi) je po cel\u00fd \u010das nakladan\u00e9 s maxim\u00e1lnou starostlivos\u0165ou. Podrobnosti o ochrane \u00fadajov n\u00e1jdete v \u010dasti Ochrana osobn\u00fdch \u00fadajov.<\/p>\n<p><strong>M\u00f4\u017eete st\u00e1le Pou\u017e\u00edva\u0165 Internetov\u00fa str\u00e1nku ke\u010f ste blokovali v\u0161etky cookies?<\/strong><\/p>\n<p>Ak sa rozhodnete blokova\u0165 v\u0161etky cookies, Na\u0161a Internetov\u00e1 str\u00e1nka nebude fungova\u0165 tak, ako bolo zam\u00fd\u0161\u013ean\u00e9, a nebudete m\u00f4c\u0165 vyu\u017e\u00edva\u0165 mnoho slu\u017eieb, ktor\u00e9 poskytuje. Ak ste zablokovali v\u0161etky cookies a chce\u0161 naplno vyu\u017ei\u0165 funkcie a slu\u017eby, ktor\u00e9 pon\u00faka Internetov\u00e1 str\u00e1nka, budete musie\u0165 povoli\u0165 cookies. M\u00f4\u017eete to urobi\u0165 vo Va\u0161om prehliada\u010di.<\/p>\n<p><strong>Kde N\u00e1s m\u00f4\u017eete kontaktova\u0165, ak m\u00e1te nejak\u00e9 \u010fal\u0161ie ot\u00e1zky?<\/strong><\/p>\n<p>Kedyko\u013evek n\u00e1m nap\u00ed\u0161te\u00a0<a href=\"https:\/\/artunio.com\/about\/\">na tomto mieste<\/a>.<\/p>\n<p>\u00a0<\/p>\n<p><a href=\"https:\/\/artunio.com\/login\/\"><\/a><\/p>\t\t\t\t\t\t\t\t<\/div>\n\t\t\t\t<\/div>\n\t\t\t\t\t<\/div>\n\t\t<\/div>\n\t\t\t\t\t<\/div>\n\t\t<\/section>\n\t\t\t\t<\/div>","protected":false},"excerpt":{"rendered":"<p>Cookie rules What are cookies?Types of cookiesCookies used on our websiteCookies management Questions and answers about cookies Do you have to enable cookies?Do cookies store your personal data?Do cookies affect your privacy and how we use your data?Can you still use the website when you have blocked all cookies?Where can you contact us if you [&hellip;]<\/p>","protected":false},"author":1,"featured_media":0,"parent":0,"menu_order":0,"comment_status":"closed","ping_status":"closed","template":"elementor_theme","meta":{"pmpro_default_level":"","footnotes":""},"class_list":["post-25330","page","type-page","status-publish","hentry","pmpro-has-access"],"_links":{"self":[{"href":"https:\/\/artunio.com\/sk\/wp-json\/wp\/v2\/pages\/25330","targetHints":{"allow":["GET"]}}],"collection":[{"href":"https:\/\/artunio.com\/sk\/wp-json\/wp\/v2\/pages"}],"about":[{"href":"https:\/\/artunio.com\/sk\/wp-json\/wp\/v2\/types\/page"}],"author":[{"embeddable":true,"href":"https:\/\/artunio.com\/sk\/wp-json\/wp\/v2\/users\/1"}],"replies":[{"embeddable":true,"href":"https:\/\/artunio.com\/sk\/wp-json\/wp\/v2\/comments?post=25330"}],"version-history":[{"count":20,"href":"https:\/\/artunio.com\/sk\/wp-json\/wp\/v2\/pages\/25330\/revisions"}],"predecessor-version":[{"id":28516,"href":"https:\/\/artunio.com\/sk\/wp-json\/wp\/v2\/pages\/25330\/revisions\/28516"}],"wp:attachment":[{"href":"https:\/\/artunio.com\/sk\/wp-json\/wp\/v2\/media?parent=25330"}],"curies":[{"name":"wp","href":"https:\/\/api.w.org\/{rel}","templated":true}]}}