{"id":11,"date":"2021-05-04T13:10:25","date_gmt":"2021-05-04T13:10:25","guid":{"rendered":"https:\/\/artunio.com\/password-recover\/"},"modified":"2023-10-25T18:01:32","modified_gmt":"2023-10-25T18:01:32","slug":"password-recover","status":"publish","type":"page","link":"https:\/\/artunio.com\/sk\/password-recover\/","title":{"rendered":"Forgot Password"},"content":{"rendered":"<div id=\"peepso-wrap\"><div class=\"peepso\">\n  <div class=\"ps-page ps-page--register ps-page--register-recover\">\n    <h2>Zabudnut\u00e9 heslo<\/h2>\n    <p>Zadajte e-mailov\u00fa adresu svojho \u00fa\u010dtu. Odo\u0161le sa v\u00e1m overovac\u00ed k\u00f3d. Po prijat\u00ed overovacieho k\u00f3du si budete m\u00f4c\u0165 vybra\u0165 nov\u00e9 heslo \u00fa\u010dtu.<\/p>\n            <div class=\"psf-register psf-register--recover\">\n      <form id=\"recoverpasswordform\" name=\"recoverpasswordform\" action=\"?submit\" method=\"post\" class=\"ps-form ps-form--register ps-form--register-recover\" data-trp-original-action=\"?submit\">\n          <input type=\"hidden\" name=\"task\" value=\"-recover-password\" \/>\n          <input type=\"hidden\" name=\"-form-id\" value=\"1d10c52670\" \/>\n          <div class=\"ps-form__grid\">\n              <div class=\"ps-form__row\">\n                  <label for=\"email\" class=\"ps-form__label\">E-mailov\u00e1 adresa:                      <span class=\"ps-form__required\">&nbsp;*<span><\/span><\/span>\n                  <\/label>\n                  <div class=\"ps-form__field\">\n                      <input class=\"ps-input\" type=\"email\" name=\"email\" placeholder=\"E-mailov\u00e1 adresa\" \/>\n                  <\/div>\n              <\/div>\n              <div class=\"ps-form__row ps-form__row--submit\">\n                                <a class=\"ps-btn\" href=\"https:\/\/artunio.com\/sk\/\">Sp\u00e4\u0165<\/a>\n                                <input type=\"submit\" name=\"submit-recover\"\n                  class=\"ps-btn ps-btn--action ps-js-recaptcha\"\n                  value=\"Odosla\u0165\"\n                  disabled=\"disabled\" \/>\n              <\/div>\n          <\/div>\n      <input type=\"hidden\" name=\"trp-form-language\" value=\"sk\"\/><\/form>\n    <\/div>\n  <\/div>\n<\/div>\n<\/div>","protected":false},"excerpt":{"rendered":"","protected":false},"author":1,"featured_media":0,"parent":0,"menu_order":0,"comment_status":"closed","ping_status":"closed","template":"elementor_theme","meta":{"pmpro_default_level":"","footnotes":""},"class_list":["post-11","page","type-page","status-publish","hentry","pmpro-has-access"],"_links":{"self":[{"href":"https:\/\/artunio.com\/sk\/wp-json\/wp\/v2\/pages\/11","targetHints":{"allow":["GET"]}}],"collection":[{"href":"https:\/\/artunio.com\/sk\/wp-json\/wp\/v2\/pages"}],"about":[{"href":"https:\/\/artunio.com\/sk\/wp-json\/wp\/v2\/types\/page"}],"author":[{"embeddable":true,"href":"https:\/\/artunio.com\/sk\/wp-json\/wp\/v2\/users\/1"}],"replies":[{"embeddable":true,"href":"https:\/\/artunio.com\/sk\/wp-json\/wp\/v2\/comments?post=11"}],"version-history":[{"count":1,"href":"https:\/\/artunio.com\/sk\/wp-json\/wp\/v2\/pages\/11\/revisions"}],"predecessor-version":[{"id":583,"href":"https:\/\/artunio.com\/sk\/wp-json\/wp\/v2\/pages\/11\/revisions\/583"}],"wp:attachment":[{"href":"https:\/\/artunio.com\/sk\/wp-json\/wp\/v2\/media?parent=11"}],"curies":[{"name":"wp","href":"https:\/\/api.w.org\/{rel}","templated":true}]}}