{"id":10,"date":"2021-05-04T13:10:25","date_gmt":"2021-05-04T13:10:25","guid":{"rendered":"https:\/\/artunio.com\/register\/"},"modified":"2026-04-14T18:11:13","modified_gmt":"2026-04-14T18:11:13","slug":"register","status":"publish","type":"page","link":"https:\/\/artunio.com\/sk\/register\/","title":{"rendered":"Registration"},"content":{"rendered":"<div data-elementor-type=\"wp-page\" data-elementor-id=\"10\" class=\"elementor elementor-10\" data-elementor-post-type=\"page\">\n\t\t\t\t\t\t<section class=\"ob-is-breaking-bad elementor-section elementor-top-section elementor-element elementor-element-4400efea elementor-section-stretched elementor-section-height-min-height elementor-section-boxed elementor-section-height-default elementor-section-items-middle\" data-id=\"4400efea\" data-element_type=\"section\" data-settings=\"{&quot;stretch_section&quot;:&quot;section-stretched&quot;,&quot;_ob_bbad_use_it&quot;:&quot;yes&quot;,&quot;_ob_bbad_sssic_use&quot;:&quot;no&quot;,&quot;_ob_glider_is_slider&quot;:&quot;no&quot;}\">\n\t\t\t\t\t\t<div class=\"elementor-container elementor-column-gap-default\">\n\t\t\t\t\t<div class=\"elementor-column elementor-col-100 elementor-top-column elementor-element elementor-element-2ec12718\" data-id=\"2ec12718\" data-element_type=\"column\" data-settings=\"{&quot;_ob_bbad_is_stalker&quot;:&quot;no&quot;,&quot;_ob_teleporter_use&quot;:false,&quot;_ob_column_hoveranimator&quot;:&quot;no&quot;,&quot;_ob_column_has_pseudo&quot;:&quot;no&quot;}\">\n\t\t\t<div class=\"elementor-widget-wrap elementor-element-populated\">\n\t\t\t\t\t\t<div class=\"elementor-element elementor-element-79844d8f ob-harakiri-inherit ob-has-background-overlay elementor-widget elementor-widget-text-editor\" data-id=\"79844d8f\" data-element_type=\"widget\" data-settings=\"{&quot;_ob_use_harakiri&quot;:&quot;yes&quot;,&quot;_ob_harakiri_writing_mode&quot;:&quot;inherit&quot;,&quot;_ob_postman_use&quot;:&quot;no&quot;,&quot;_ob_perspektive_use&quot;:&quot;no&quot;,&quot;_ob_poopart_use&quot;:&quot;yes&quot;,&quot;_ob_shadough_use&quot;:&quot;no&quot;,&quot;_ob_allow_hoveranimator&quot;:&quot;no&quot;,&quot;_ob_widget_stalker_use&quot;:&quot;no&quot;}\" data-widget_type=\"text-editor.default\">\n\t\t\t\t<div class=\"elementor-widget-container\">\n\t\t\t\t\t\t\t\t\t<p><div id=\"peepso-wrap\">\n<!-- PEEPSO WRAPPER -->\n<div class=\"peepso\">\n\t<div class=\"ps-page ps-page--register ps-page--register-main\">\n\t\t<div class=\"psf-register psf-register--main\">\n\t\t\t\n\t\t\t\n\t\t\t<!-- REGISTER FORM -->\n\t\t\t<form name=\"profile-edit\" id=\"profile-edit\"  action=\"https:\/\/artunio.com\/sk\/register\/\"  method=\"POST\"  class=\"ps-form ps-form--register ps-form--register-main cform community-form-validate ps-js-form-register\"  autocomplete=\"off\" ><input type=\"hidden\" name=\"peepso-config-nonce\" value=\"293393801d\"\/><div class=\"ps-form__grid\"><div class=\"ps-form__row ps-form__row--full ps-form__row--clear\"><label id=\"usernamemsg\" for=\"username\" class=\"ps-form__label\">\nPou\u017e\u00edvate\u013esk\u00e9 meno<span class=\"ps-form__required\">&nbsp;*<\/span><\/label>\n<div class=\"ps-form__field\"><input  type=\"text\" name=\"username\" id=\"username\"  class=\"ps-input username required minlen:2 maxlen:50 custom\" title=\"Zadajte po\u017eadovan\u00e9 pou\u017e\u00edvate\u013esk\u00e9 meno\"  required \/><div class=\"ps-form__field-desc lbl-descript\">Zadajte po\u017eadovan\u00e9 pou\u017e\u00edvate\u013esk\u00e9 meno<\/div><div class=\"ps-form__error\" style=\"display:none\"><\/div><\/div>\n<\/div><div class=\"ps-form__row ps-form__row--half\"><label id=\"emailmsg\" for=\"email\" class=\"ps-form__label\">\nE-mail<span class=\"ps-form__required\">&nbsp;*<\/span><\/label>\n<div class=\"ps-form__field\"><input  type=\"email\" name=\"email\" id=\"email\"  class=\"ps-input email required maxlen:320\" title=\"Zadajte svoju e-mailov\u00fa adresu\"  required \/><div class=\"ps-form__field-desc lbl-descript\">Zadajte svoju e-mailov\u00fa adresu<\/div><div class=\"ps-form__error\" style=\"display:none\"><\/div><\/div>\n<\/div><div class=\"ps-form__row ps-form__row--half\"><label id=\"email_verifymsg\" for=\"email_verify\" class=\"ps-form__label\">\nOveri\u0165 e-mail<span class=\"ps-form__required\">&nbsp;*<\/span><\/label>\n<div class=\"ps-form__field\"><input  type=\"email\" name=\"email_verify\" id=\"email_verify\"  class=\"ps-input email required maxlen:320\" title=\"Repeat your email address\"  required onpaste=\"return false\" \/><div class=\"ps-form__field-desc lbl-descript\">Repeat your email address<\/div><div class=\"ps-form__error\" style=\"display:none\"><\/div><\/div>\n<\/div><div class=\"ps-form__row ps-form__row--half\"><label id=\"passwordmsg\" for=\"password\" class=\"ps-form__label ps-js-password-preview\">\nHeslo<span class=\"ps-form__required\">&nbsp;*<\/span><\/label>\n<div class=\"ps-form__field\"><input type=\"password\" name=\"password\" id=\"password\"  class=\"ps-input password password_lowercase password_uppercase password_number password_special required ps-js-password-preview\" title=\"Zadajte po\u017eadovan\u00e9 heslo\"  required \/><span id=\"errpassword\" style=\"display:none;\">&nbsp;<\/span><div class=\"ps-form__field-desc lbl-descript\">Zadajte po\u017eadovan\u00e9 heslo<\/div><div class=\"ps-form__error\" style=\"display:none\"><\/div><\/div>\n<\/div><div class=\"ps-form__row ps-form__row--half\"><label id=\"password2msg\" for=\"password2\" class=\"ps-form__label ps-js-password-preview\">\nOveri\u0165 heslo<span class=\"ps-form__required\">&nbsp;*<\/span><\/label>\n<div class=\"ps-form__field\"><input type=\"password\" name=\"password2\" id=\"password2\"  class=\"ps-input password password_lowercase password_uppercase password_number password_special required ps-js-password-preview\" title=\"Repeat your password\"  required \/><span id=\"errpassword2\" style=\"display:none;\">&nbsp;<\/span><div class=\"ps-form__field-desc lbl-descript\">Repeat your password<\/div><div class=\"ps-form__error\" style=\"display:none\"><\/div><\/div>\n<\/div>\t\t\t<div class=\"ps-form__row\">\n\t\t\t\t\t\t\t\t<label id=\"peepso_user_field_first_namemsg\" for=\"peepso_user_field_first_name\" class=\"ps-form__label\">Meno\/N\u00e1zov<span class=\"ps-form__required\">&nbsp;*<\/span><\/label>\n\t\t\t\t\t\t\t\t<div class=\"ps-form__field\">\n\t\t\t\t\t<div class=\"ps-input__wrapper\"><input class=\"ps-input ps-input--sm ps-input--count\" type=\"text\" value=\"\" name=\"profile_field_24645\" id=\"profile_field_24645\" data-id=\"24645\" required><div class=\"ps-form__chars-count ps-js-counter\" style=\"display:none\"><\/div><\/div>\t\t\t\t\t<div class=\"ps-form__field-desc lbl-descript\">What is you name\/ company name?<\/div>\n\t\t\t\t\t<div class=\"ps-form__error\" style=\"display:none\"><\/div>\t\t\t\t<\/div>\n\t\t\t<\/div>\n\t\t\t\t\t<div class=\"ps-form__row ps-form__row--half\">\n\t\t\t\t\t\t\t\t<label id=\"peepso_user_field_first_namemsg\" for=\"peepso_user_field_first_name\" class=\"ps-form__label\">PIC Number<\/label>\n\t\t\t\t\t\t\t\t<div class=\"ps-form__field\">\n\t\t\t\t\t<div class=\"ps-input__wrapper\"><input class=\"ps-input ps-input--sm ps-input--count\" type=\"text\" value=\"\" name=\"profile_field_32918\" id=\"profile_field_32918\" data-id=\"32918\"><div class=\"ps-form__chars-count ps-js-counter\" style=\"display:none\"><\/div><\/div>\t\t\t\t\t<div class=\"ps-form__field-desc lbl-descript\">Add your PIC number for potentional partners to see<\/div>\n\t\t\t\t\t<div class=\"ps-form__error\" style=\"display:none\"><\/div>\t\t\t\t<\/div>\n\t\t\t<\/div>\n\t\t<input type=\"hidden\" name=\"task\" value=\"-register-save\" \/>\n<input type=\"hidden\" name=\"-form-id\" value=\"0b205e0e74\" \/>\n<input type=\"hidden\" name=\"authkey\" value=\"\" \/>\n<div class=\"ps-form__row ps-form__row--checkbox\"><label id=\"termsmsg\" for=\"terms\" class=\"ps-form__label\">\nS\u00fahlas\u00edm s <a href=\"https:\/\/artunio.com\/sk\/terms-and-conditions\/?cb=1777452086\" target=\"_blank\" class=\"ps-js-btn-showterms-new-tab\">Zmluvn\u00e9 podmienky<\/a> a m\u00e1m viac ako 16 rokov.<span class=\"ps-form__required\">&nbsp;*<\/span><\/label>\n<div class=\"ps-form__field\"><div class=\"ps-checkbox\"><input class=\"ps-checkbox__input\" type=\"checkbox\" name=\"terms\" id=\"terms\"  required \/><label class=\"ps-checkbox__label\" for=\"terms\"><\/label><\/div><div class=\"ps-form__error\" style=\"display:none\"><\/div><\/div>\n<\/div><div class=\"ps-form__row ps-form__row--checkbox\"><label id=\"privacymsg\" for=\"privacy\" class=\"ps-form__label\">\nS\u00fahlas\u00edm s <a href=\"https:\/\/artunio.com\/sk\/privacy-policy\/?cb=1777452086\" target=\"_blank\" class=\"ps-js-btn-showterms-new-tab\">Podmienky sprac\u00favania osobn\u00fdch \u00fadajov<\/a> a m\u00e1m viac ako 16 rokov.<span class=\"ps-form__required\">&nbsp;*<\/span><\/label>\n<div class=\"ps-form__field\"><div class=\"ps-checkbox\"><input class=\"ps-checkbox__input\" type=\"checkbox\" name=\"privacy\" id=\"privacy\"  required \/><label class=\"ps-checkbox__label\" for=\"privacy\"><\/label><\/div><div class=\"ps-form__error\" style=\"display:none\"><\/div><\/div>\n<\/div><div class=\"ps-form__row\"><div class=\"ps-form__field\"><div class=\"ps-form__message\">Povinn\u00e9 polia s\u00fa ozna\u010den\u00e9 hviezdi\u010dkou (<span class=\"ps-form__required\">*<\/span>).<\/div><div class=\"ps-form__error\" style=\"display:none\"><\/div><\/div>\n<\/div><div class=\"ps-form__row ps-form__row--submit\"><div class=\"ps-form__field\"><button type=\"submit\" name=\"submit\"  class=\"ps-btn ps-btn--action ps-js-recaptcha\" value=\"Registr\u00e1cia\" >Registr\u00e1cia<img decoding=\"async\" src=\"https:\/\/artunio.com\/wp-content\/plugins\/peepso\/assets\/images\/ajax-loader.gif\" style=\"margin-left:10px;display:none\" \/><\/button><div class=\"ps-form__error\" style=\"display:none\"><\/div><\/div>\n<\/div><\/div><\/form>\n\t\t\t\t\t<\/div>\n\t<\/div>\n<\/div><!-- end: PEEPSO WRAPPER -->\n\n<script>\njQuery(function($) {\n    var data = window.peepsodata && peepsodata.register || {},\n        TERMS_TITLE = 'Zmluvn\u00e9 podmienky',\n        TERMS_TEXT = data.text_terms,\n        PRIVACY_TITLE = 'Podmienky sprac\u00favania osobn\u00fdch \u00fadajov',\n        PRIVACY_TEXT = data.text_privacy;\n\n    $('.ps-js-btn-showterms').on('click', function(e) {\n        e.preventDefault();\n        peepso.dialog(TERMS_TEXT, { title: TERMS_TITLE, wide: true }).show();\n    });\n\n    $('.ps-js-btn-showprivacy').on('click', function(e) {\n        e.preventDefault();\n        peepso.dialog(PRIVACY_TEXT, { title: PRIVACY_TITLE, wide: true }).show();\n    });\n});\n<\/script>\n<\/div><\/p>\t\t\t\t\t\t\t\t<\/div>\n\t\t\t\t<\/div>\n\t\t\t\t<div class=\"elementor-element elementor-element-2036cfd ob-harakiri-inherit elementor-invisible ob-has-background-overlay elementor-widget elementor-widget-heading\" data-id=\"2036cfd\" data-element_type=\"widget\" data-settings=\"{&quot;_animation&quot;:&quot;fadeInUp&quot;,&quot;_ob_use_harakiri&quot;:&quot;yes&quot;,&quot;_ob_harakiri_writing_mode&quot;:&quot;inherit&quot;,&quot;_ob_harakiri_text_clip&quot;:&quot;none&quot;,&quot;_ob_perspektive_use&quot;:&quot;no&quot;,&quot;_ob_poopart_use&quot;:&quot;yes&quot;,&quot;_ob_shadough_use&quot;:&quot;no&quot;,&quot;_ob_allow_hoveranimator&quot;:&quot;no&quot;,&quot;_ob_widget_stalker_use&quot;:&quot;no&quot;}\" data-no-translation=\"\" data-widget_type=\"heading.default\">\n\t\t\t\t<div class=\"elementor-widget-container\">\n\t\t\t\t\t<h2 class=\"elementor-heading-title elementor-size-default\">M\u00e1te probl\u00e9m s registr\u00e1ciou? <br>Pozrite si n\u00e1\u0161ho podrobn\u00e9ho sprievodcu registr\u00e1ciou!<\/h2>\t\t\t\t<\/div>\n\t\t\t\t<\/div>\n\t\t\t\t<div class=\"elementor-element elementor-element-af89c70 ob-harakiri-inherit elementor-invisible ob-has-background-overlay elementor-widget elementor-widget-heading\" data-id=\"af89c70\" data-element_type=\"widget\" data-settings=\"{&quot;_animation&quot;:&quot;fadeInUp&quot;,&quot;_ob_use_harakiri&quot;:&quot;yes&quot;,&quot;_ob_harakiri_writing_mode&quot;:&quot;inherit&quot;,&quot;_ob_harakiri_text_clip&quot;:&quot;none&quot;,&quot;_ob_perspektive_use&quot;:&quot;no&quot;,&quot;_ob_poopart_use&quot;:&quot;yes&quot;,&quot;_ob_shadough_use&quot;:&quot;no&quot;,&quot;_ob_allow_hoveranimator&quot;:&quot;no&quot;,&quot;_ob_widget_stalker_use&quot;:&quot;no&quot;}\" data-no-translation=\"\" data-widget_type=\"heading.default\">\n\t\t\t\t<div class=\"elementor-widget-container\">\n\t\t\t\t\t<h2 class=\"elementor-heading-title elementor-size-default\">Having trouble signing up? <br>Check out our step-by-step registration guide!<\/h2>\t\t\t\t<\/div>\n\t\t\t\t<\/div>\n\t\t\t\t<div class=\"elementor-element elementor-element-6766d4d ob-has-background-overlay elementor-widget elementor-widget-video\" data-id=\"6766d4d\" data-element_type=\"widget\" data-settings=\"{&quot;youtube_url&quot;:&quot;https:\\\/\\\/www.youtube.com\\\/watch?v=v__Xrf4f_BI&quot;,&quot;video_type&quot;:&quot;youtube&quot;,&quot;controls&quot;:&quot;yes&quot;,&quot;_ob_perspektive_use&quot;:&quot;no&quot;,&quot;_ob_poopart_use&quot;:&quot;yes&quot;,&quot;_ob_shadough_use&quot;:&quot;no&quot;,&quot;_ob_allow_hoveranimator&quot;:&quot;no&quot;,&quot;_ob_widget_stalker_use&quot;:&quot;no&quot;}\" data-widget_type=\"video.default\">\n\t\t\t\t<div class=\"elementor-widget-container\">\n\t\t\t\t\t\t\t<div class=\"elementor-wrapper elementor-open-inline\">\n\t\t\t<div class=\"elementor-video\"><\/div>\t\t<\/div>\n\t\t\t\t\t\t<\/div>\n\t\t\t\t<\/div>\n\t\t\t\t\t<\/div>\n\t\t<\/div>\n\t\t\t\t\t<\/div>\n\t\t<\/section>\n\t\t\t\t<\/div>","protected":false},"excerpt":{"rendered":"","protected":false},"author":1,"featured_media":0,"parent":0,"menu_order":0,"comment_status":"closed","ping_status":"closed","template":"elementor_theme","meta":{"pmpro_default_level":"","footnotes":""},"class_list":["post-10","page","type-page","status-publish","hentry","pmpro-has-access"],"_links":{"self":[{"href":"https:\/\/artunio.com\/sk\/wp-json\/wp\/v2\/pages\/10","targetHints":{"allow":["GET"]}}],"collection":[{"href":"https:\/\/artunio.com\/sk\/wp-json\/wp\/v2\/pages"}],"about":[{"href":"https:\/\/artunio.com\/sk\/wp-json\/wp\/v2\/types\/page"}],"author":[{"embeddable":true,"href":"https:\/\/artunio.com\/sk\/wp-json\/wp\/v2\/users\/1"}],"replies":[{"embeddable":true,"href":"https:\/\/artunio.com\/sk\/wp-json\/wp\/v2\/comments?post=10"}],"version-history":[{"count":31,"href":"https:\/\/artunio.com\/sk\/wp-json\/wp\/v2\/pages\/10\/revisions"}],"predecessor-version":[{"id":34639,"href":"https:\/\/artunio.com\/sk\/wp-json\/wp\/v2\/pages\/10\/revisions\/34639"}],"wp:attachment":[{"href":"https:\/\/artunio.com\/sk\/wp-json\/wp\/v2\/media?parent=10"}],"curies":[{"name":"wp","href":"https:\/\/api.w.org\/{rel}","templated":true}]}}